{"id":60,"date":"2020-06-29T12:42:17","date_gmt":"2020-06-29T12:42:17","guid":{"rendered":"http:\/\/alarm.ornicron.com\/?page_id=60"},"modified":"2020-06-29T12:42:17","modified_gmt":"2020-06-29T12:42:17","slug":"sirket-profili","status":"publish","type":"page","link":"https:\/\/www.accountalarmmerkezi.com\/?page_id=60","title":{"rendered":"\u015e\u0130RKET PROF\u0130L\u0130"},"content":{"rendered":"\n<div class=\"full-row pt-5 bg-light\">\n\t\t\t<div class=\"container\">\n\t\t\t\t<div class=\"row\">\n\t\t\t\t\t<div class=\"col-lg-12 col-md-12\">\n\t\t\t\t\t\t<div class=\"text-secondary mb-5\">\n\t\t\t\t\t\t\t\n\t\t\t\t\t\t\t<h2 class=\"down-line\">Alarm Takip Merkezi<\/h2>\n\t\t\t\t\t\t\t<p>Kuruldu\u011fumuz g\u00fcnden beri en ileri teknolojileri kullanarak siz m\u00fc\u015fterilerimize en kaliteli hizmeti sunmak, g\u00fcvenli\u011finizi sa\u011flamak, acil sa\u011fl\u0131k hizmetinde faydalanman\u0131z\u0131 sa\u011flamak, yang\u0131n ve do\u011fal afetlerde en az zararlakurtulman\u0131z\u0131 sa\u011flamak, k\u0131sacas\u0131 hayat\u0131n\u0131z\u0131 dahada kolayla\u015ft\u0131rmaki\u00e7in \u00e7al\u0131\u015f\u0131yoruz.<\/p>\n\t\t\t\t\t\t<\/div>\n\t\t\t\t\t<\/div>\n\t\t\t\t\t<div class=\"col-lg-12 col-md-12 mt-5\">\n\t\t\t\t\t\t<div class=\"row\">\n\t\t\t\t\t\t\t<div class=\"col-md-4\">\n\t\t\t\t\t\t\t\t<div class=\"simple-thumb transation mb-5\">\n\t\t\t\t\t\t\t\t\t<h5 class=\"d-inline-block border-bottom py-3 mb-3 w-100\">Misyonumuz<\/h5>\n\t\t\t\t\t\t\t\t\t\n\t\t\t\t\t\t\t\t\t<p>Ya\u015fam\u0131n\u0131z\u0131n her alan\u0131nda size kaliteli bir ya\u015fam sunmak, ailenizin ve ve sizin g\u00fcvenli\u011finizi sa\u011flamak i\u00e7in \u00e7al\u0131\u015f\u0131yoruz \u00e7al\u0131\u015fmayada devam edece\u011fiz.<\/p>\n\t\t\t\t\t\t\t\t<\/div>\n\t\t\t\t\t\t\t<\/div>\n\t\t\t\t\t\t\t\n\t\t\t\t\t\t\t\n\t\t\t\t\t\t\t\n\t\t\t\t\t\t<div class=\"col-md-4\">\n\t\t\t\t\t\t\t\t<div class=\"simple-thumb transation mb-5\">\n\t\t\t\t\t\t\t\t\t<h5 class=\"d-inline-block border-bottom py-3 mb-3 w-100\">Hedeflerimiz<\/h5>\n\t\t\t\t\t\t\t\t\t\n\t\t\t\t\t\t\t\t\t<p>ACCOUNT ALARM TAK\u0130P MERKEZ\u0130 Olarak T\u00fcrkiye&#8217;nin illlerinde ad\u0131m\u0131z\u0131 duyurmak ve bulundu\u011fumuz sekt\u00f6rde en iyisi olmay\u0131 hedefliyoruz.<\/p>\n\t\t\t\t\t\t\t\t<\/div>\n\t\t\t\t\t\t\t<\/div><div class=\"col-md-4\">\n\t\t\t\t\t\t\t\t<div class=\"simple-thumb transation mb-5\">\n\t\t\t\t\t\t\t\t\t<h5 class=\"d-inline-block border-bottom py-3 mb-3 w-100\">\t\u015eirket Profili<\/h5>\n\t\t\t\t\t\t\t\t\t\n\t\t\t\t\t\t\t\t\t<p>Sizin g\u00fcvenli\u011finiz i\u00e7in en son teknolojiyi kullan\u0131yor ve sizi hangi konularda daha \u00e7ok yard\u0131mc\u0131 olabiliriz diye s\u00fcrekli AR-GE \u00e7al\u0131\u015fmalar\u0131 yap\u0131yoruz.<\/p>\n\t\t\t\t\t\t\t\t<\/div>\n\t\t\t\t\t\t\t<\/div><\/div>\n\t\t\t\t\t<\/div>\n\t\t\t\t<\/div>\n\t\t\t<\/div>\n\t\t<\/div>\n","protected":false},"excerpt":{"rendered":"<p>Alarm Takip Merkezi Kuruldu\u011fumuz g\u00fcnden beri en ileri teknolojileri kullanarak siz m\u00fc\u015fterilerimize en kaliteli hizmeti sunmak, g\u00fcvenli\u011finizi sa\u011flamak, acil sa\u011fl\u0131k hizmetinde faydalanman\u0131z\u0131 sa\u011flamak, yang\u0131n ve do\u011fal afetlerde en az zararlakurtulman\u0131z\u0131 sa\u011flamak, k\u0131sacas\u0131 hayat\u0131n\u0131z\u0131 dahada kolayla\u015ft\u0131rmaki\u00e7in \u00e7al\u0131\u015f\u0131yoruz. Misyonumuz Ya\u015fam\u0131n\u0131z\u0131n her alan\u0131nda size kaliteli bir ya\u015fam sunmak, ailenizin ve ve sizin g\u00fcvenli\u011finizi sa\u011flamak i\u00e7in \u00e7al\u0131\u015f\u0131yoruz \u00e7al\u0131\u015fmayada devam &hellip; <\/p>\n<p class=\"link-more\"><a href=\"https:\/\/www.accountalarmmerkezi.com\/?page_id=60\" class=\"more-link\">Okumaya devam et<span class=\"screen-reader-text\"> &#8220;\u015e\u0130RKET PROF\u0130L\u0130&#8221;<\/span><\/a><\/p>\n","protected":false},"author":1,"featured_media":0,"parent":0,"menu_order":0,"comment_status":"closed","ping_status":"closed","template":"","meta":{"footnotes":""},"class_list":["post-60","page","type-page","status-publish","hentry"],"_links":{"self":[{"href":"https:\/\/www.accountalarmmerkezi.com\/index.php?rest_route=\/wp\/v2\/pages\/60","targetHints":{"allow":["GET"]}}],"collection":[{"href":"https:\/\/www.accountalarmmerkezi.com\/index.php?rest_route=\/wp\/v2\/pages"}],"about":[{"href":"https:\/\/www.accountalarmmerkezi.com\/index.php?rest_route=\/wp\/v2\/types\/page"}],"author":[{"embeddable":true,"href":"https:\/\/www.accountalarmmerkezi.com\/index.php?rest_route=\/wp\/v2\/users\/1"}],"replies":[{"embeddable":true,"href":"https:\/\/www.accountalarmmerkezi.com\/index.php?rest_route=%2Fwp%2Fv2%2Fcomments&post=60"}],"version-history":[{"count":0,"href":"https:\/\/www.accountalarmmerkezi.com\/index.php?rest_route=\/wp\/v2\/pages\/60\/revisions"}],"wp:attachment":[{"href":"https:\/\/www.accountalarmmerkezi.com\/index.php?rest_route=%2Fwp%2Fv2%2Fmedia&parent=60"}],"curies":[{"name":"wp","href":"https:\/\/api.w.org\/{rel}","templated":true}]}}