{"id":64,"date":"2020-06-29T12:42:41","date_gmt":"2020-06-29T12:42:41","guid":{"rendered":"http:\/\/alarm.ornicron.com\/?page_id=64"},"modified":"2025-11-13T07:39:40","modified_gmt":"2025-11-13T07:39:40","slug":"dokumanlar","status":"publish","type":"page","link":"https:\/\/www.accountalarmmerkezi.com\/?page_id=64","title":{"rendered":"D\u00d6K\u00dcMANLAR"},"content":{"rendered":"\n<div class=\"container mt-5 mb-5 document\">\n<div class=\"row text-center\">\n\t\t\t\t\t<div class=\"col-lg-6 mt-3\">\n\t\t\t\t\t\t<h5 class=\"mb-5\"><a href=\"\/wp-content\/uploads\/2025\/11\/YENI-SOZLESME-2025-YENI-1.pdf\" target=\"_blank\" class=\"text-secondary\" rel=\"noopener noreferrer\">Abone S\u00f6zle\u015fmesi<br><br><i><img decoding=\"async\" src=\"\/wp-content\/uploads\/2020\/07\/abonesozlesme.png\" height=\"250\" class=\"mr-2\"><\/i><\/a><\/h5>\n\t\t\t\t\t<\/div>\n<div class=\"col-lg-6 mt-3\">\n\t\t\t\t\t\t<h5 class=\"mb-5\"><a href=\"\/wp-content\/uploads\/2022\/07\/ALARM-IZLEME-YETERLILIK-BELGESI.jpg\" target=\"_blank\" class=\"text-secondary\" rel=\"noopener noreferrer\">Alarm \u0130zleme Yeterlilik Belgesi<br><br><i><img decoding=\"async\" src=\"\/wp-content\/uploads\/2020\/07\/alarmizle.png\" height=\"250\" class=\"mr-2\"><\/i><\/a><\/h5>\n\t\t\t\t\t<\/div>\n\t\t\t\t\t<div class=\"col-lg-12 border-bottom mb-3\">\n\t\t\t\t\t\t\n\t\t\t\t\t<\/div>\n\t\t\t\t\t<div class=\"col-lg-6 mt-3\">\n\t\t\t\t\t\t<h5 class=\"mb-5\"><a href=\"\/wp-content\/uploads\/2022\/07\/ALARM-Mail_order_-formu.jpg\" target=\"_blank\" class=\"text-secondary\" rel=\"noopener noreferrer\">Alarm Mail Order<br><br><i><img decoding=\"async\" src=\"\/wp-content\/uploads\/2020\/07\/mailOrder.png\" height=\"250\" class=\"mr-2\"><\/i><\/a><\/h5>\n<\/div>\n<div class=\"col-lg-6 mt-3\">\n<h5 class=\"mb-5\"><a href=\"\/wp-content\/uploads\/2020\/07\/MyAlarmsisBayiveAlarm.apk\" target=\"_blank\" class=\"text-secondary\" rel=\"noopener noreferrer\">Android Uygulama<br><br><i><img decoding=\"async\" src=\"\/wp-content\/uploads\/2020\/07\/androidPhone.png\" height=\"250\" class=\"mr-2\"><\/i><\/a><\/h5>\n\n\t\t\t\t\t<\/div>\n\t\t\t\t\t\n\t\t\t\t\t\n\t\t\t\t<\/div>\t\n\t\t\t\t<\/div>\n","protected":false},"excerpt":{"rendered":"<p>Abone S\u00f6zle\u015fmesi Alarm \u0130zleme Yeterlilik Belgesi Alarm Mail Order Android Uygulama<\/p>\n","protected":false},"author":1,"featured_media":0,"parent":0,"menu_order":0,"comment_status":"closed","ping_status":"closed","template":"","meta":{"footnotes":""},"class_list":["post-64","page","type-page","status-publish","hentry"],"_links":{"self":[{"href":"https:\/\/www.accountalarmmerkezi.com\/index.php?rest_route=\/wp\/v2\/pages\/64","targetHints":{"allow":["GET"]}}],"collection":[{"href":"https:\/\/www.accountalarmmerkezi.com\/index.php?rest_route=\/wp\/v2\/pages"}],"about":[{"href":"https:\/\/www.accountalarmmerkezi.com\/index.php?rest_route=\/wp\/v2\/types\/page"}],"author":[{"embeddable":true,"href":"https:\/\/www.accountalarmmerkezi.com\/index.php?rest_route=\/wp\/v2\/users\/1"}],"replies":[{"embeddable":true,"href":"https:\/\/www.accountalarmmerkezi.com\/index.php?rest_route=%2Fwp%2Fv2%2Fcomments&post=64"}],"version-history":[{"count":0,"href":"https:\/\/www.accountalarmmerkezi.com\/index.php?rest_route=\/wp\/v2\/pages\/64\/revisions"}],"wp:attachment":[{"href":"https:\/\/www.accountalarmmerkezi.com\/index.php?rest_route=%2Fwp%2Fv2%2Fmedia&parent=64"}],"curies":[{"name":"wp","href":"https:\/\/api.w.org\/{rel}","templated":true}]}}