{"id":9,"date":"2020-06-29T10:03:58","date_gmt":"2020-06-29T10:03:58","guid":{"rendered":"http:\/\/alarm.ornicron.com\/?page_id=9"},"modified":"2020-06-29T10:03:58","modified_gmt":"2020-06-29T10:03:58","slug":"anasayfa","status":"publish","type":"page","link":"https:\/\/www.accountalarmmerkezi.com\/","title":{"rendered":"ANASAYFA"},"content":{"rendered":"\n<div class=\"alignnormal\"><div id=\"metaslider-id-22\" style=\"width: 100%;\" class=\"ml-slider-3-102-0 metaslider metaslider-flex metaslider-22 ml-slider has-dots-nav ms-theme-default\" role=\"region\" aria-label=\"homepage\" data-width=\"1920\">\n    <div id=\"metaslider_container_22\">\n        <div id=\"metaslider_22\">\n            <ul class='slides'>\n                <li style=\"display: block; width: 100%;\" class=\"slide-144 ms-image \" aria-roledescription=\"slide\" data-date=\"2020-08-04 20:19:11\" data-slide-type=\"image\"><img loading=\"lazy\" decoding=\"async\" src=\"https:\/\/www.accountalarmmerkezi.com\/wp-content\/uploads\/2020\/08\/banner2-1.png\" height=\"0\" width=\"1920\" alt=\"\" class=\"slider-22 slide-144 msDefaultImage\" title=\"banner2\" \/><\/li>\n                <li style=\"display: none; width: 100%;\" class=\"slide-145 ms-image \" aria-roledescription=\"slide\" data-date=\"2020-08-04 20:19:11\" data-slide-type=\"image\"><img loading=\"lazy\" decoding=\"async\" src=\"https:\/\/www.accountalarmmerkezi.com\/wp-content\/uploads\/2020\/08\/banner2-1920x0.jpg\" height=\"0\" width=\"1920\" alt=\"\" class=\"slider-22 slide-145 msDefaultImage\" title=\"banner2-1920x0\" \/><\/li>\n            <\/ul>\n        <\/div>\n        \n    <\/div>\n<\/div><\/div>\n\n\n\n<div class=\"full-row sm-bg-img-none\">\n\t\t\t<div class=\"container\">\n\t\t\t\t<div class=\"row row-cols-lg-6 row-cols-md-3 row-cols-2 mb-5 sprite-icon-wrap\">\n\t\t\t\t\t<div class=\"col\">\n\t\t\t\t\t\t<div class=\"icon-thumb thumb-line hover-bg-white text-center py-4 px-2 transation hover-change mb-4\">\n\t\t\t\t\t\t\t<span class=\"sprite-icon text-secondary change-text-primary d-block mb-3\"><\/span>\n\t\t\t\t\t\t\t<h6 class=\"font-medium mb-0\"><a href=\"#\" class=\"text-secondary change-text-primary\">H\u0131rs\u0131zl\u0131k<\/a><\/h6>\n\t\t\t\t\t\t<\/div>\n\t\t\t\t\t<\/div>\n\t\t\t\t\t<div class=\"col\">\n\t\t\t\t\t\t<div class=\"icon-thumb thumb-line hover-bg-white text-center py-4 px-2 transation hover-change mb-4\">\n\t\t\t\t\t\t\t<span class=\"sprite-icon text-secondary change-text-primary d-block mb-3\"><\/span>\n\t\t\t\t\t\t\t<h6 class=\"font-medium mb-0\"><a href=\"#\" class=\"text-secondary change-text-primary\">Acil Sa\u011fl\u0131k<\/a><\/h6>\n\t\t\t\t\t\t<\/div>\n\t\t\t\t\t<\/div>\n\t\t\t\t\t<div class=\"col\">\n\t\t\t\t\t\t<div class=\"icon-thumb thumb-line hover-bg-white text-center py-4 px-2 transation hover-change mb-4\">\n\t\t\t\t\t\t\t<span class=\"sprite-icon text-secondary change-text-primary d-block mb-3\"><\/span>\n\t\t\t\t\t\t\t<h6 class=\"font-medium mb-0\"><a href=\"#\" class=\"text-secondary change-text-primary\">Yang\u0131n<\/a><\/h6>\n\t\t\t\t\t\t<\/div>\n\t\t\t\t\t<\/div>\n\t\t\t\t\t<div class=\"col\">\n\t\t\t\t\t\t<div class=\"icon-thumb thumb-line hover-bg-white text-center py-4 px-2 transation hover-change mb-4\">\n\t\t\t\t\t\t\t<span class=\"sprite-icon text-secondary change-text-primary d-block mb-3\"><\/span>\n\t\t\t\t\t\t\t<h6 class=\"font-medium mb-0\"><a href=\"#\" class=\"text-secondary change-text-primary\">Alarm<\/a><\/h6>\n\t\t\t\t\t\t<\/div>\n\t\t\t\t\t<\/div>\n\t\t\t\t\t<div class=\"col\">\n\t\t\t\t\t\t<div class=\"icon-thumb thumb-line hover-bg-white text-center py-4 px-2 transation hover-change mb-4\">\n\t\t\t\t\t\t\t<span class=\"sprite-icon text-secondary change-text-primary d-block mb-3\"><\/span>\n\t\t\t\t\t\t\t<h6 class=\"font-medium mb-0\"><a href=\"#\" class=\"text-secondary change-text-primary\">Gaz Ka\u00e7a\u011f\u0131<\/a><\/h6>\n\t\t\t\t\t\t<\/div>\n\t\t\t\t\t<\/div>\n\t\t\t\t\t<div class=\"col\">\n\t\t\t\t\t\t<div class=\"icon-thumb thumb-line hover-bg-white text-center py-4 px-2 transation hover-change mb-4\">\n\t\t\t\t\t\t\t<span class=\"sprite-icon text-secondary change-text-primary d-block mb-3\"><\/span>\n\t\t\t\t\t\t\t<h6 class=\"font-medium mb-0\"><a href=\"#\" class=\"text-secondary change-text-primary\">Su Bask\u0131n\u0131<\/a><\/h6>\n\t\t\t\t\t\t<\/div>\n\t\t\t\t\t<\/div>\n\t\t\t\t<\/div>\n\n\t\t\t\t<div class=\"row position-relative\">\n\t\t\t\t\t<div class=\"col-xl-10 col-lg-11 position-static sm-m-0\" style=\"margin-bottom: 150px;\">\n\t\t\t\t\t\t<img decoding=\"async\" src=\"\/wp-content\/uploads\/2020\/07\/bg.jpg\" class=\"d-none d-lg-block\" alt=\"\" style=\"position: absolute; top: 100px; right: 0; width: 83.33%;\">\n\t\t\t\t\t\t<div class=\"position-relative row\">\n\t\t\t\t\t\t\t<div class=\"col-md-5 pr-md-0\">\n\t\t\t\t\t\t\t\t<div class=\"p-5 overlay-white position-relative z-index-9\">\n\t\t\t\t\t\t\t\t\t<div class=\"position-relative z-index-9\">\n\t\t\t\t\t\t\t\t\t\t<span class=\"font-medium text-primary font-weight-semibold mb-3 d-block\">Firmam\u0131z Hakk\u0131nda<\/span>\n\t\t\t\t\t\t\t\t\t\t<h2 class=\"text-secondary mb-5 text-uppercase\">\u00c7\u00d6Z\u00dcMLER\u0130M\u0130Z VE H\u0130ZMETLER\u0130M\u0130Z<\/h2>\n\t\t\t\t\t\t\t\t\t<\/div>\n\t\t\t\t\t\t\t\t<\/div>\n\t\t\t\t\t\t\t<\/div>\n\t\t\t\t\t\t\t<div class=\"col-md-7 pl-md-0\">\n\t\t\t\t\t\t\t\t<div class=\"overlay-primary text-white p-5\">\n\t\t\t\t\t\t\t\t\t<div class=\"position-relative z-index-9\">\n\t\t\t\t\t\t\t\t\t\t<p>Kuruldu\u011fumuz g\u00fcnden beri en ileri teknolojileri kullanarak siz m\u00fc\u015fterilerimize en kaliteli hizmeti sunmak, g\u00fcvenli\u011finizi sa\u011flamak, acil sa\u011fl\u0131k hizmetinde faydalanman\u0131z\u0131 sa\u011flamak, yang\u0131n ve do\u011fal afetlerde en az zararlakurtulman\u0131z\u0131 sa\u011flamak, k\u0131sacas\u0131 hayat\u0131n\u0131z\u0131 dahada kolayla\u015ft\u0131rmaki\u00e7in \u00e7al\u0131\u015f\u0131yoruz.<\/p>\n\t\t\t\t\t\t\t\t\t<\/div>\n\t\t\t\t\t\t\t\t<\/div>\n\t\t\t\t\t\t\t<\/div>\n\t\t\t\t\t\t<\/div>\n\t\t\t\t\t<\/div>\n\t\t\t\t<\/div>\n\t\t\t<\/div>\n\t\t<\/div>\n\n\n\n<div class=\"full-row\">\n\t\t\t<div class=\"container\">\n\t\t\t\t\n\t\t\t\t<div class=\"row\">\n\t\t\t\t\t\n\t\t\t\t\t<div class=\"offset-lg-1 col-lg-5 col-md-6 mb-5\">\n\t\t\t\t\t\t<div class=\"position-relative y-center\">\n\t\t\t\t\t\t\t<div class=\"col-lg-12 col-md-12 mb-30 float-left\">\n\t\t\t\t\t\t<img decoding=\"async\" src=\"\/wp-content\/uploads\/2020\/06\/akilliEv.png\" class=\"float-left services-img\" alt=\"\">\n\t\t\t\t\t<h3 class=\"ml-2 mt-4 text-primary float-left\">Ak\u0131ll\u0131 Ev<\/h3><\/div>\n\t\t\t\t\t\t\t<p>Merkez sistemimizde kullan\u0131lan entegre gprs mod\u00fcller sayesinde alarm sisteminizi uzaktan kurma ve kapaman\u0131n d\u0131\u015f\u0131nda  evinizinde elektri\u011fini  ve do\u011falgaz\u0131   uzaktan a\u00e7\u0131p kapatabilirsiniz.<\/p>\n\t\t\t\t\t\t<\/div>\n\t\t\t\t\t<\/div>\n\t\t\t\t<div class=\"offset-lg-1 col-lg-5 col-md-6 mb-5\">\n\t\t\t\t\t\t<div class=\"position-relative y-center\">\n\t\t\t\t\t\t\t<div class=\"col-lg-12 col-md-12 mb-30 float-left\">\n\t\t\t\t\t\t<img decoding=\"async\" src=\"\/wp-content\/uploads\/2020\/06\/guvenlik.png\" class=\"float-left services-img\" alt=\"\">\n\t\t\t\t\t<h3 class=\"ml-2 mt-4 text-primary float-left\">G\u00fcvenlik<\/h3><\/div>\n\t\t\t\t\t\t\t<p>Account alarm merkezi h\u0131rs\u0131z alarm sisteminden gelen h\u0131rs\u0131zl\u0131k sinyallerini nereden geldi\u011fini g\u00f6r\u00fcp en ince ayr\u0131nt\u0131s\u0131na kadar  ( kap\u0131 , balkon , pencere vb. b\u00f6lgeler ) kullan\u0131c\u0131lara ve kolluk kuvvetlerine en k\u0131sa s\u00fcrede haber verir.<\/p>\n\t\t\t\t\t\t<\/div>\n\t\t\t\t\t<\/div><\/div>\n\t\t\t\t\n\t\t\t\t\n\t\t\t<div class=\"row\">\n\t\t\t\t\t\n\t\t\t\t\t<div class=\"offset-lg-1 col-lg-5 col-md-6 mb-5\">\n\t\t\t\t\t\t<div class=\"position-relative y-center\">\n\t\t\t\t\t\t\t<div class=\"col-lg-12 col-md-12 mb-30 float-left\">\n\t\t\t\t\t\t<img decoding=\"async\" src=\"\/wp-content\/uploads\/2020\/06\/uzaktanDestek.png\" class=\"float-left services-img\" alt=\"\">\n\t\t\t\t\t<h3 class=\"ml-2 mt-4 text-primary float-left\">Uzaktan Destek<\/h3><\/div>\n\t\t\t\t\t\t\t<p>\u0130\u015finin ehli uzman kadromuz sayesinde ya\u015fad\u0131\u011f\u0131n\u0131z sorunu uzaktan destek vererek sizi y\u00f6nlendirip test edebilir ve gerekli i\u015flemleri ger\u00e7ekle\u015ftirebilirsiniz.<\/p>\n\t\t\t\t\t\t<\/div>\n\t\t\t\t\t<\/div>\n\t\t\t\t<div class=\"offset-lg-1 col-lg-5 col-md-6 mb-5\">\n\t\t\t\t\t\t<div class=\"position-relative y-center\">\n\t\t\t\t\t\t\t<div class=\"col-lg-12 col-md-12 mb-30 float-left\">\n\t\t\t\t\t\t<img decoding=\"async\" src=\"\/wp-content\/uploads\/2020\/06\/emniyetGuvenlik.png\" class=\"float-left services-img\" alt=\"\">\n\t\t\t\t\t<h3 class=\"ml-2 mt-4 text-primary float-left\">Emniyet ve G\u00fcvenlik<\/h3><\/div>\n\t\t\t\t\t\t\t<p>Account alarm takip merkezi olarak \u015fifre paneli ve cep telefonunuzdaki acil durum butonlar\u0131 sayesinde   olas\u0131 bir ihtiya\u00e7 an\u0131nda Ambulans , Polis ve \u0130tfaiye  ekiplerine Account alarm merkezi \u00fczerinden  h\u0131zl\u0131 bir\u015fekilde  acil durum sinyali g\u00f6ndermi\u015f olursunuz.<\/p>\n\t\t\t\t\t\t<\/div>\n\t\t\t\t\t<\/div><\/div><\/div>\n\t\t<\/div>\n\n\n\n<div class=\"alignnormal\"><div id=\"metaslider-id-88\" style=\"width: 100%;\" class=\"ml-slider-3-102-0 metaslider metaslider-flex metaslider-88 ml-slider has-dots-nav ms-theme-default\" role=\"region\" aria-label=\"phone\" data-width=\"1180\">\n    <div id=\"metaslider_container_88\">\n        <div id=\"metaslider_88\">\n            <ul class='slides'>\n                <li style=\"display: block; width: 100%;\" class=\"slide-150 ms-image \" aria-roledescription=\"slide\" data-date=\"2020-08-04 20:20:20\" data-slide-type=\"image\"><img loading=\"lazy\" decoding=\"async\" src=\"https:\/\/www.accountalarmmerkezi.com\/wp-content\/uploads\/2020\/08\/mobileScreen1-1180x2451.jpg\" height=\"0\" width=\"1180\" alt=\"\" class=\"slider-88 slide-150 msDefaultImage\" title=\"mobileScreen1\" \/><div class=\"caption-wrap\"><div class=\"caption\"><b>Tek tu\u015fla acil<i>m\u00fcdahale<\/i><\/b>Acil durum esnas\u0131nda ilk yapman\u0131z gereken sadece ihtiyac\u0131n\u0131z olan ambulans, polis veya itfaiye tek tu\u015fla \u00e7a\u011f\u0131rmak. <\/div><\/div><\/li>\n                <li style=\"display: none; width: 100%;\" class=\"slide-151 ms-image \" aria-roledescription=\"slide\" data-date=\"2020-08-04 20:20:20\" data-slide-type=\"image\"><img loading=\"lazy\" decoding=\"async\" src=\"https:\/\/www.accountalarmmerkezi.com\/wp-content\/uploads\/2020\/08\/mobileScreen2-1180x2451.jpg\" height=\"0\" width=\"1180\" alt=\"\" class=\"slider-88 slide-151 msDefaultImage\" title=\"mobileScreen2\" \/><div class=\"caption-wrap\"><div class=\"caption\"><b>Tek tu\u015fla acil<i>m\u00fcdahale<\/i><\/b>Acil durum esnas\u0131nda ilk yapman\u0131z gereken sadece ihtiyac\u0131n\u0131z olan ambulans, polis veya itfaiye tek tu\u015fla \u00e7a\u011f\u0131rmak. <\/div><\/div><\/li>\n                <li style=\"display: none; width: 100%;\" class=\"slide-152 ms-image \" aria-roledescription=\"slide\" data-date=\"2020-08-04 20:20:21\" data-slide-type=\"image\"><img loading=\"lazy\" decoding=\"async\" src=\"https:\/\/www.accountalarmmerkezi.com\/wp-content\/uploads\/2020\/08\/mobileScreen3-1180x2451.jpg\" height=\"0\" width=\"1180\" alt=\"\" class=\"slider-88 slide-152 msDefaultImage\" title=\"mobileScreen3\" \/><div class=\"caption-wrap\"><div class=\"caption\"><b>Tek tu\u015fla acil<i>m\u00fcdahale<\/i><\/b>Acil durum esnas\u0131nda ilk yapman\u0131z gereken sadece ihtiyac\u0131n\u0131z olan ambulans, polis veya itfaiye tek tu\u015fla \u00e7a\u011f\u0131rmak. <\/div><\/div><\/li>\n                <li style=\"display: none; width: 100%;\" class=\"slide-153 ms-image \" aria-roledescription=\"slide\" data-date=\"2020-08-04 20:20:21\" data-slide-type=\"image\"><img loading=\"lazy\" decoding=\"async\" src=\"https:\/\/www.accountalarmmerkezi.com\/wp-content\/uploads\/2020\/08\/slide1-1180x2451.png\" height=\"0\" width=\"1180\" alt=\"\" class=\"slider-88 slide-153 msDefaultImage\" title=\"slide1\" \/><div class=\"caption-wrap\"><div class=\"caption\"><b>Tek tu\u015fla acil<i>m\u00fcdahale<\/i><\/b>Acil durum esnas\u0131nda ilk yapman\u0131z gereken sadece ihtiyac\u0131n\u0131z olan ambulans, polis veya itfaiye tek tu\u015fla \u00e7a\u011f\u0131rmak. <\/div><\/div><\/li>\n            <\/ul>\n        <\/div>\n        \n    <\/div>\n<\/div><\/div>\n","protected":false},"excerpt":{"rendered":"<p>H\u0131rs\u0131zl\u0131k Acil Sa\u011fl\u0131k Yang\u0131n Alarm Gaz Ka\u00e7a\u011f\u0131 Su Bask\u0131n\u0131 Firmam\u0131z Hakk\u0131nda \u00c7\u00d6Z\u00dcMLER\u0130M\u0130Z VE H\u0130ZMETLER\u0130M\u0130Z Kuruldu\u011fumuz g\u00fcnden beri en ileri teknolojileri kullanarak siz m\u00fc\u015fterilerimize en kaliteli hizmeti sunmak, g\u00fcvenli\u011finizi sa\u011flamak, acil sa\u011fl\u0131k hizmetinde faydalanman\u0131z\u0131 sa\u011flamak, yang\u0131n ve do\u011fal afetlerde en az zararlakurtulman\u0131z\u0131 sa\u011flamak, k\u0131sacas\u0131 hayat\u0131n\u0131z\u0131 dahada kolayla\u015ft\u0131rmaki\u00e7in \u00e7al\u0131\u015f\u0131yoruz. Ak\u0131ll\u0131 Ev Merkez sistemimizde kullan\u0131lan entegre gprs mod\u00fcller &hellip; <\/p>\n<p class=\"link-more\"><a href=\"https:\/\/www.accountalarmmerkezi.com\/\" class=\"more-link\">Okumaya devam et<span class=\"screen-reader-text\"> &#8220;ANASAYFA&#8221;<\/span><\/a><\/p>\n","protected":false},"author":1,"featured_media":0,"parent":0,"menu_order":0,"comment_status":"closed","ping_status":"closed","template":"","meta":{"footnotes":""},"class_list":["post-9","page","type-page","status-publish","hentry"],"_links":{"self":[{"href":"https:\/\/www.accountalarmmerkezi.com\/index.php?rest_route=\/wp\/v2\/pages\/9","targetHints":{"allow":["GET"]}}],"collection":[{"href":"https:\/\/www.accountalarmmerkezi.com\/index.php?rest_route=\/wp\/v2\/pages"}],"about":[{"href":"https:\/\/www.accountalarmmerkezi.com\/index.php?rest_route=\/wp\/v2\/types\/page"}],"author":[{"embeddable":true,"href":"https:\/\/www.accountalarmmerkezi.com\/index.php?rest_route=\/wp\/v2\/users\/1"}],"replies":[{"embeddable":true,"href":"https:\/\/www.accountalarmmerkezi.com\/index.php?rest_route=%2Fwp%2Fv2%2Fcomments&post=9"}],"version-history":[{"count":0,"href":"https:\/\/www.accountalarmmerkezi.com\/index.php?rest_route=\/wp\/v2\/pages\/9\/revisions"}],"wp:attachment":[{"href":"https:\/\/www.accountalarmmerkezi.com\/index.php?rest_route=%2Fwp%2Fv2%2Fmedia&parent=9"}],"curies":[{"name":"wp","href":"https:\/\/api.w.org\/{rel}","templated":true}]}}